{"id":1761,"date":"2017-10-02T17:27:34","date_gmt":"2017-10-02T17:27:34","guid":{"rendered":"https:\/\/euron.itirana.online\/?page_id=1761"},"modified":"2017-11-07T10:38:26","modified_gmt":"2017-11-07T09:38:26","slug":"about-us","status":"publish","type":"page","link":"https:\/\/euron-energy.al\/myeuron\/al\/about-us\/","title":{"rendered":"About Us"},"content":{"rendered":"<p>[vc_row full_width=&#8221;stretch_row&#8221; parallax=&#8221;content-moving-fade&#8221; css=&#8221;.vc_custom_1508261143461{background-color: #efefef !important;}&#8221;][vc_column][vc_empty_space]<h4 class=\"sc_title sc_title_divider sc_align_center\" style=\"text-align:center;color:#1e73be;font-weight:600;\" data-animation=\"animated fadeInUp normal\"><span class=\"sc_title_divider_before\" style=\"background-color: #1e73be\"><\/span>Rreth Euron<span class=\"sc_title_divider_after\" style=\"background-color: #1e73be\"><\/span><\/h4>[vc_empty_space][vc_column_text]EURON ENERGY shpk\u00a0 , nje shoqeri <em>e zoteruar\u00a0 nga EURON shpk<\/em>, \u00ebsht\u00eb Shoqeri Koncesionare\u00a0 udh\u00ebheq\u00ebse n\u00eb sektorin prodhimit te energjise se rinovueshme nepermjet\u00a0 hidrocentraleve te vegjel. Shoqeria\u00a0 investon n\u00eb zhvillimin dhe zbatimin projekteve t\u00eb integruara ky\u00e7 n\u00eb sektorin e energjis\u00eb s\u00eb rinovueshme. Fokusi yn\u00eb kryesor jan\u00eb hidrocentralet e vegj\u00ebl. Ne hidrocentralet e ndertuara jane aplikuar\u00a0 teknologjite\u00a0 me bashkekohore\u00a0 n\u00eb k\u00ebt\u00eb sektor. EURON ENERGY aktualisht zot\u00ebron HC Bele 1- 5000 KW dhe HC Topojani 2 \u2013 5800 KW, q\u00eb ndodhet n\u00eb Kuk\u00ebs, Shqip\u00ebri. Si pjes\u00eb e projekteve tona ne gjithashtu synojm\u00eb t\u00eb ndihmojm\u00eb dhe zhvillojm\u00eb komunitetet lokale, p\u00ebrmir\u00ebsimin e infrastruktur\u00ebs\u00a0 si dhe ruajtjen e \u00a0mjedisit duke prodhuar 100% energji t\u00eb past\u00ebr.[\/vc_column_text][vc_empty_space height=&#8221;50px&#8221;]<div class=\"columns_wrap sc_columns columns_fluid nodark_section_columns sc_columns_count_2\"><div class=\"column-1_2 sc_column_item sc_column_item_1 odd first\" style=\"text-align:left;\" data-animation=\"animated fadeInLeft normal\"><figure class=\"sc_image  sc_image_shape_square\" data-animation=\"animated fadeInLeft normal\" style=\"width:380px;height:220px;\"><img src=\"https:\/\/euron-energy.al\/wp-content\/uploads\/2017\/10\/IMG_6868-min-380x220.jpg\" alt=\"\" \/><\/figure><\/div><div class=\"column-1_2 sc_column_item sc_column_item_2 even\" style=\"text-align:right;\" data-animation=\"animated fadeInRight normal\"><figure class=\"sc_image  sc_image_shape_square\" data-animation=\"animated fadeInRight normal\" style=\"margin-right:350px !important;width:380px;height:220px;\"><img src=\"https:\/\/euron-energy.al\/wp-content\/uploads\/2017\/10\/About_us-380x220.jpg\" alt=\"\" \/><\/figure><\/div><\/div>[vc_empty_space height=&#8221;20px&#8221;][vc_column_text css_animation=&#8221;appear&#8221;]<span id=\"result_box\" class=\"\" lang=\"sq\"><span title=\"As part of our projects we also tend to help and develop local communities, by providing employment for the local residents, improving the local infrastructure as well as helping the environment by producing 100% carbon free energy. \"><br \/>\n<\/span><span title=\"We are currently aiming to expand our involvement in the hydropower sector in Albania in order to increase the impact of the renewable energy in our daily lives, thus helping the world we live in one step at a time.\">EURON ENERGY si shoqeri \u00a0dhe t\u00eb gjith\u00eb punonj\u00ebsit e saj, e konsiderojm\u00eb veten si qytetar\u00eb global\u00eb, k\u00ebshtu q\u00eb \u00ebsht\u00eb detyra jon\u00eb t\u00eb ofrojm\u00eb nj\u00eb m\u00ebnyr\u00eb m\u00eb t\u00eb q\u00ebndrueshme jetese p\u00ebr gjeneratat q\u00eb do t\u00eb vijn\u00eb. Aktualisht po synojm\u00eb t\u00eb zgjerojm\u00eb p\u00ebrfshirjen ton\u00eb n\u00eb sektorin e energjis\u00eb hidrike n\u00eb Shqip\u00ebri, n\u00eb m\u00ebnyr\u00eb q\u00eb t\u00eb rrisim ndikimin e energjis\u00eb s\u00eb rinovueshme n\u00eb jet\u00ebn ton\u00eb t\u00eb p\u00ebrditshme\u00a0 duke mbajtur ne ekuiliber\u00a0 zhvillimin e qendrueshem ekonomik dhe ruajtjen e mjedisit.<\/span><\/span>[\/vc_column_text][vc_empty_space][\/vc_column][\/vc_row]<\/p>\n","protected":false},"excerpt":{"rendered":"<p>[vc_row full_width=&#8221;stretch_row&#8221; parallax=&#8221;content-moving-fade&#8221; css=&#8221;.vc_custom_1508261143461{background-color: #efefef !important;}&#8221;][vc_column][vc_empty_space][vc_empty_space][vc_column_text]EURON ENERGY shpk\u00a0 , nje shoqeri e zoteruar\u00a0 nga EURON shpk, \u00ebsht\u00eb Shoqeri Koncesionare\u00a0 udh\u00ebheq\u00ebse n\u00eb sektorin prodhimit te energjise se rinovueshme nepermjet\u00a0 hidrocentraleve te [&hellip;]<\/p>\n","protected":false},"author":1,"featured_media":0,"parent":0,"menu_order":0,"comment_status":"closed","ping_status":"closed","template":"page.php","meta":{"footnotes":""},"translation":{"provider":"WPGlobus","version":"2.12.2","language":"al","enabled_languages":["en","al"],"languages":{"en":{"title":true,"content":true,"excerpt":false},"al":{"title":false,"content":true,"excerpt":false}}},"_links":{"self":[{"href":"https:\/\/euron-energy.al\/myeuron\/al\/wp-json\/wp\/v2\/pages\/1761"}],"collection":[{"href":"https:\/\/euron-energy.al\/myeuron\/al\/wp-json\/wp\/v2\/pages"}],"about":[{"href":"https:\/\/euron-energy.al\/myeuron\/al\/wp-json\/wp\/v2\/types\/page"}],"author":[{"embeddable":true,"href":"https:\/\/euron-energy.al\/myeuron\/al\/wp-json\/wp\/v2\/users\/1"}],"replies":[{"embeddable":true,"href":"https:\/\/euron-energy.al\/myeuron\/al\/wp-json\/wp\/v2\/comments?post=1761"}],"version-history":[{"count":39,"href":"https:\/\/euron-energy.al\/myeuron\/al\/wp-json\/wp\/v2\/pages\/1761\/revisions"}],"predecessor-version":[{"id":2425,"href":"https:\/\/euron-energy.al\/myeuron\/al\/wp-json\/wp\/v2\/pages\/1761\/revisions\/2425"}],"wp:attachment":[{"href":"https:\/\/euron-energy.al\/myeuron\/al\/wp-json\/wp\/v2\/media?parent=1761"}],"curies":[{"name":"wp","href":"https:\/\/api.w.org\/{rel}","templated":true}]}}