{"id":1050,"date":"2015-08-18T14:01:21","date_gmt":"2015-08-18T14:01:21","guid":{"rendered":"http:\/\/goodenergy.themerex.net\/?page_id=1050"},"modified":"2017-11-07T10:37:05","modified_gmt":"2017-11-07T09:37:05","slug":"home","status":"publish","type":"page","link":"https:\/\/euron-energy.al\/myeuron\/al\/","title":{"rendered":"Home"},"content":{"rendered":"<p>[vc_row full_width=&#8221;stretch_row&#8221; parallax=&#8221;content-moving&#8221; css=&#8221;.vc_custom_1508755021928{background-color: #efefef !important;}&#8221;][vc_column][vc_empty_space]<h5 class=\"sc_title sc_title_divider sc_align_center\" style=\"text-align:center;color:#1e73be;font-weight:600;\" data-animation=\"animated fadeInDown normal\"><span class=\"sc_title_divider_before\" style=\"background-color: #1e73be\"><\/span>Lider n\u00eb prodhimin e Energjis\u00eb s\u00eb Rinovueshme<span class=\"sc_title_divider_after\" style=\"background-color: #1e73be\"><\/span><\/h5><br \/>[vc_column_text css_animation=&#8221;bottom-to-top&#8221;]<span id=\"result_box\" class=\"\" lang=\"sq\"><span class=\"\">Euron Energy sh.pk , nje shoqeri <em>e zoteruar\u00a0nga EURON shpk, <\/em>\u00a0u krijua me q\u00ebllim prodhimin e energjise\u00a0 elektrike te rinovueshme \u00a0duke investuar\u00a0n\u00eb zhvillimin dhe zbatimin projekteve t\u00eb integruara ky\u00e7 n\u00eb sektorin e energjis\u00eb s\u00eb rinovueshme. Fokusi yn\u00eb kryesor jan\u00eb hidrocentralet e vegj\u00ebl. Ne hidrocentralet e ndertuara\u00a0 jane aplikuar\u00a0teknologjite\u00a0me bashkekohore\u00a0 n\u00eb k\u00ebt\u00eb sektor. Ne gjithashtu synojm\u00eb t\u00eb ndihmojm\u00eb dhe mbeshtesim zhvillimin e qendrueshem\u00a0 te \u00a0ekonomive\u00a0 lokale , p\u00ebrmir\u00ebsimin e infrastruktur\u00ebs\u00a0 si dhe ruajtjen e \u00a0mjedisit duke prodhuar 100% energji t\u00eb past\u00ebr.<\/span><\/span>[\/vc_column_text][vc_empty_space height=&#8221;50px&#8221;][vc_media_grid gap=&#8221;30&#8243; grid_id=&#8221;vc_gid:1509536493306-033edc32-b6f6-3&#8243; include=&#8221;2288,2326,2290&#8243;][vc_empty_space height=&#8221;50px&#8221;][\/vc_column][\/vc_row]<\/p>\n","protected":false},"excerpt":{"rendered":"<p>[vc_row full_width=&#8221;stretch_row&#8221; parallax=&#8221;content-moving&#8221; css=&#8221;.vc_custom_1508755021928{background-color: #efefef !important;}&#8221;][vc_column][vc_empty_space][vc_column_text css_animation=&#8221;bottom-to-top&#8221;]Euron Energy sh.pk , nje shoqeri e zoteruar\u00a0nga EURON shpk, \u00a0u krijua me q\u00ebllim prodhimin e energjise\u00a0 elektrike te rinovueshme \u00a0duke investuar\u00a0n\u00eb zhvillimin dhe [&hellip;]<\/p>\n","protected":false},"author":1,"featured_media":0,"parent":0,"menu_order":0,"comment_status":"closed","ping_status":"closed","template":"","meta":{"footnotes":""},"translation":{"provider":"WPGlobus","version":"2.12.2","language":"al","enabled_languages":["en","al"],"languages":{"en":{"title":true,"content":true,"excerpt":false},"al":{"title":false,"content":true,"excerpt":false}}},"_links":{"self":[{"href":"https:\/\/euron-energy.al\/myeuron\/al\/wp-json\/wp\/v2\/pages\/1050"}],"collection":[{"href":"https:\/\/euron-energy.al\/myeuron\/al\/wp-json\/wp\/v2\/pages"}],"about":[{"href":"https:\/\/euron-energy.al\/myeuron\/al\/wp-json\/wp\/v2\/types\/page"}],"author":[{"embeddable":true,"href":"https:\/\/euron-energy.al\/myeuron\/al\/wp-json\/wp\/v2\/users\/1"}],"replies":[{"embeddable":true,"href":"https:\/\/euron-energy.al\/myeuron\/al\/wp-json\/wp\/v2\/comments?post=1050"}],"version-history":[{"count":131,"href":"https:\/\/euron-energy.al\/myeuron\/al\/wp-json\/wp\/v2\/pages\/1050\/revisions"}],"predecessor-version":[{"id":2424,"href":"https:\/\/euron-energy.al\/myeuron\/al\/wp-json\/wp\/v2\/pages\/1050\/revisions\/2424"}],"wp:attachment":[{"href":"https:\/\/euron-energy.al\/myeuron\/al\/wp-json\/wp\/v2\/media?parent=1050"}],"curies":[{"name":"wp","href":"https:\/\/api.w.org\/{rel}","templated":true}]}}